{"id":955,"date":"2020-04-22T12:44:44","date_gmt":"2020-04-22T10:44:44","guid":{"rendered":"https:\/\/futterhandel-schickes.lu\/cms\/?page_id=955"},"modified":"2020-04-29T11:39:46","modified_gmt":"2020-04-29T09:39:46","slug":"impressum","status":"publish","type":"page","link":"https:\/\/futterhandel-schickes.lu\/cms\/impressum\/","title":{"rendered":"Impressum"},"content":{"rendered":"<p>[vc_row full_width=&#8221;stretch_row_content_no_spaces&#8221;][vc_column]<header id=\"home\" class=\"nt-site-header\" ><nav class=\"navbar navbar-default navbar-sticky bootsnav on no-full\"><div class=\"container\"><div class=\"attr-nav button\"><ul><li><a href=\"#\">login<\/a><\/li><\/ul><\/div><div class=\"navbar-header\"><button type=\"button\" class=\"navbar-toggle\" data-toggle=\"collapse\" data-target=\"#navbar-menu\"><i class=\"fa fa-bars\"><\/i><\/button><a class=\"nt-logo img-logo navbar-brand\" href=\"https:\/\/futterhandel-schickes.lu\/cms\"><img decoding=\"async\" src=\"https:\/\/futterhandel-schickes.lu\/cms\/wp-content\/uploads\/2020\/04\/logo-schickes-web5.png\" class=\"logo logo-scrolled\" alt=\"logo-schickes-web5.png\"><\/a><\/div><div class=\"collapse navbar-collapse\" id=\"navbar-menu\"><ul class=\"nav navbar-nav navbar-right\" data-in=\"#\" data-out=\"#\"><li id=\"menu-item-947\" class=\"menu-item menu-item-type-post_type menu-item-object-page menu-item-home menu-item-947\"><a href=\"https:\/\/futterhandel-schickes.lu\/cms\/\" class=\"scroll\">Home<\/a><\/li>\n<li id=\"menu-item-948\" class=\"menu-item menu-item-type-custom menu-item-object-custom menu-item-home menu-item-948\"><a href=\"https:\/\/futterhandel-schickes.lu\/cms\/#ueber_uns\" class=\"scroll\">\u00dcber uns<\/a><\/li>\n<li id=\"menu-item-951\" class=\"menu-item menu-item-type-custom menu-item-object-custom menu-item-home menu-item-951\"><a href=\"https:\/\/futterhandel-schickes.lu\/cms\/#produkte\" class=\"scroll\">Produkte<\/a><\/li>\n<li id=\"menu-item-953\" class=\"menu-item menu-item-type-custom menu-item-object-custom menu-item-953\"><a href=\"https:\/\/futterhandel-schickes.lu\/shop\/\" class=\"scroll\">Shop<\/a><\/li>\n<li id=\"menu-item-954\" class=\"menu-item menu-item-type-custom menu-item-object-custom menu-item-home menu-item-954\"><a href=\"https:\/\/futterhandel-schickes.lu\/cms\/#kontakt\" class=\"scroll\">Kontakt<\/a><\/li>\n<li id=\"menu-item-wpml-ls-17-de\" class=\"menu-item wpml-ls-slot-17 wpml-ls-item wpml-ls-item-de wpml-ls-current-language wpml-ls-menu-item wpml-ls-first-item menu-item-type-wpml_ls_menu_item menu-item-object-wpml_ls_menu_item menu-item-has-children dropdown dropdown-right menu-item-wpml-ls-17-de\"><a title=\"Deutsch\" href=\"https:\/\/futterhandel-schickes.lu\/cms\" class=\"dropdown-toggle scroll\"  data-toggle=\"dropdown\"><span class=\"wpml-ls-native\" lang=\"de\">Deutsch<\/span><\/a>\n<ul class=\"dropdown-menu depth_0\" >\n\t<li id=\"menu-item-wpml-ls-17-fr\" class=\"menu-item wpml-ls-slot-17 wpml-ls-item wpml-ls-item-fr wpml-ls-menu-item wpml-ls-last-item menu-item-type-wpml_ls_menu_item menu-item-object-wpml_ls_menu_item menu-item-wpml-ls-17-fr\"><a title=\"Fran\u00e7ais\" href=\"https:\/\/futterhandel-schickes.lu\/cms\/fr\/\" class=\"scroll\"><span class=\"wpml-ls-native\" lang=\"fr\">Fran\u00e7ais<\/span><\/a><\/li>\n<\/ul>\n<\/li>\n<\/ul><\/div><\/div><\/nav><\/header>[\/vc_column][\/vc_row][vc_row full_width=&#8221;stretch_row_content_no_spaces&#8221;][vc_column]<div class=\"banner-area auto-height text-center text-light shadow dark-hard small-text bg-fixed banner_1541594 vc_custom_1587552108033\"><div class=\"box-table\"><div class=\"box-cell\"><div class=\"container\"><div class=\"row\"><div class=\"double-items\"><div class=\"col-lg-8 col-md-8 col-lg-offset-2 col-md-offset-2\"><div class=\"content\" data-animation=\"animated fadeInUpBig\"><h1>IMPRESSUM<\/h1><\/div><\/div><div class=\"col-lg-8 col-md-8 col-lg-offset-2 col-md-offset-2\"><div class=\"banner\"><\/div><\/div><\/div><\/div><\/div><\/div><\/div><\/div>[\/vc_column][\/vc_row][vc_row full_width=&#8221;stretch_row&#8221; softing_row_prepad=&#8221;ptb-80&#8243; css=&#8221;.vc_custom_1587553164985{margin-top: 0px !important;margin-bottom: 0px !important;border-bottom-width: 1px !important;padding-top: 20px !important;padding-bottom: 20px !important;background-color: #f9f9f9 !important;border-bottom-color: #ededed !important;border-bottom-style: dashed !important;}&#8221;][vc_column width=&#8221;1\/2&#8243;][vc_column_text]<\/p>\n<p style=\"text-align: right;\"><strong>Verantwortlicher Herausgeber<\/strong><\/p>\n<p>[\/vc_column_text][\/vc_column][vc_column width=&#8221;1\/2&#8243;][vc_column_text]<strong>Michel Schickes<\/strong><\/p>\n<p>Hauptstrooss 37<br \/>\nL &#8211; 9742 Boxhorn<\/p>\n<p>Tel: +352 621 379 197<br \/>\nEmail: info@futterhandel-schickes.lu[\/vc_column_text][vc_column_text]MwSt.ID: LU 28534814<br \/>\n[\/vc_column_text][\/vc_column][\/vc_row][vc_row full_width=&#8221;stretch_row&#8221; softing_row_prepad=&#8221;ptb-80&#8243; css=&#8221;.vc_custom_1587553184163{margin-top: 0px !important;margin-bottom: 0px !important;border-bottom-width: 1px !important;padding-top: 20px !important;padding-bottom: 20px !important;background-color: #f9f9f9 !important;border-bottom-color: #ededed !important;border-bottom-style: dashed !important;}&#8221;][vc_column width=&#8221;1\/2&#8243;][vc_column_text]<\/p>\n<p style=\"text-align: right;\"><strong>Rechtlicher Hinweis<\/strong><\/p>\n<p>[\/vc_column_text][\/vc_column][vc_column width=&#8221;1\/2&#8243;][vc_column_text]Die Informationen auf dieser Website wurden mit gr\u00f6\u00dftm\u00f6glicher Sorgfalt zusammengestellt. Sie werden st\u00e4ndig gepr\u00fcft und aktualisiert. F\u00fcr die Korrektheit, Aktualit\u00e4t und Vollst\u00e4ndigkeit der enthaltenen Informationen kann dennoch keine Haftung oder Garantie \u00fcbernommen werden. Jegliche Haftung f\u00fcr Sch\u00e4den, die direkt oder indirekt aus Benutzung dieser Website entstehen, wird ausgeschlossen, sofern diese nicht auf Vorsatz oder grober Fahrl\u00e4ssigkeit beruhen. Sofern von dieser Website per Hyperlink auf andere Internetseiten verwiesen wird, die von Dritten betrieben werden, \u00fcbernimmt der Futter- &amp; Gefl\u00fcgelhandel Schickes keine Verantwortung f\u00fcr die Inhalte.<\/p>\n<p>Der Futter- &amp; Gefl\u00fcgelhandel Schickes beh\u00e4lt sich das Recht vor, jederzeit \u00c4nderungen und Erg\u00e4nzungen der bereitgestellten Informationen vorzunehmen.<\/p>\n<p>Alle Rechte vorbehalten. Texte und Bilder sowie deren Anordnung auf der Futter- &amp; Gefl\u00fcgelhandel Schickes \u2013 Website unterliegen dem Schutz des Urheberrechts und anderen Schutzgesetzen. Der Inhalt dieser Website darf nicht zu kommerziellen Zwecken kopiert, verbreitet, ver\u00e4ndert oder Dritten zug\u00e4nglich gemacht werden.<\/p>\n<p>Boxhorn, April 2020[\/vc_column_text][\/vc_column][\/vc_row][vc_row full_width=&#8221;stretch_row&#8221; softing_row_prepad=&#8221;ptb-80&#8243; css=&#8221;.vc_custom_1587553226112{margin-top: 0px !important;padding-top: 20px !important;background-color: #f9f9f9 !important;}&#8221;][vc_column width=&#8221;1\/2&#8243;][vc_column_text]<\/p>\n<p style=\"text-align: right;\"><strong>Webdesign, Programmierung &amp; Hosting<br \/>\n<\/strong><\/p>\n<p>[\/vc_column_text][\/vc_column][vc_column width=&#8221;1\/2&#8243;][vc_column_text]<\/p>\n<h4><a href=\"https:\/\/sns.lu\/\" target=\"_blank\" rel=\"noopener noreferrer\">Skyline Network Services<\/a><\/h4>\n<p>in corporation with<\/p>\n<h5><a href=\"https:\/\/www.designagentur.be\/\" target=\"_blank\" rel=\"noopener noreferrer\">Die Designagentur &#8211; Leifgen<\/a><\/h5>\n<p>[\/vc_column_text][\/vc_column][\/vc_row]<\/p>\n","protected":false},"excerpt":{"rendered":"<p>[vc_row full_width=&#8221;stretch_row_content_no_spaces&#8221;][vc_column][\/vc_column][\/vc_row][vc_row full_width=&#8221;stretch_row_content_no_spaces&#8221;][vc_column][\/vc_column][\/vc_row][vc_row full_width=&#8221;stretch_row&#8221; softing_row_prepad=&#8221;ptb-80&#8243; css=&#8221;.vc_custom_1587553164985{margin-top: 0px !important;margin-bottom: 0px !important;border-bottom-width: 1px !important;padding-top: 20px !important;padding-bottom: 20px !important;background-color: #f9f9f9 !important;border-bottom-color: #ededed !important;border-bottom-style: dashed !important;}&#8221;][vc_column width=&#8221;1\/2&#8243;][vc_column_text] Verantwortlicher Herausgeber [\/vc_column_text][\/vc_column][vc_column width=&#8221;1\/2&#8243;][vc_column_text]Michel Schickes Hauptstrooss 37 L &#8211; 9742 Boxhorn Tel: +352 621 379 197 Email: info@futterhandel-schickes.lu[\/vc_column_text][vc_column_text]MwSt.ID: LU 28534814 [\/vc_column_text][\/vc_column][\/vc_row][vc_row full_width=&#8221;stretch_row&#8221; softing_row_prepad=&#8221;ptb-80&#8243; css=&#8221;.vc_custom_1587553184163{margin-top: 0px !important;margin-bottom: 0px !important;border-bottom-width: 1px !important;padding-top: 20px !important;padding-bottom:&#8230;<\/p>\n","protected":false},"author":1,"featured_media":0,"parent":0,"menu_order":0,"comment_status":"closed","ping_status":"closed","template":"custom-page.php","meta":{"footnotes":""},"class_list":["post-955","page","type-page","status-publish","hentry"," c-blog-1-item  nt-post-class"],"_links":{"self":[{"href":"https:\/\/futterhandel-schickes.lu\/cms\/wp-json\/wp\/v2\/pages\/955","targetHints":{"allow":["GET"]}}],"collection":[{"href":"https:\/\/futterhandel-schickes.lu\/cms\/wp-json\/wp\/v2\/pages"}],"about":[{"href":"https:\/\/futterhandel-schickes.lu\/cms\/wp-json\/wp\/v2\/types\/page"}],"author":[{"embeddable":true,"href":"https:\/\/futterhandel-schickes.lu\/cms\/wp-json\/wp\/v2\/users\/1"}],"replies":[{"embeddable":true,"href":"https:\/\/futterhandel-schickes.lu\/cms\/wp-json\/wp\/v2\/comments?post=955"}],"version-history":[{"count":18,"href":"https:\/\/futterhandel-schickes.lu\/cms\/wp-json\/wp\/v2\/pages\/955\/revisions"}],"predecessor-version":[{"id":1049,"href":"https:\/\/futterhandel-schickes.lu\/cms\/wp-json\/wp\/v2\/pages\/955\/revisions\/1049"}],"wp:attachment":[{"href":"https:\/\/futterhandel-schickes.lu\/cms\/wp-json\/wp\/v2\/media?parent=955"}],"curies":[{"name":"wp","href":"https:\/\/api.w.org\/{rel}","templated":true}]}}