{"id":831,"date":"2020-04-07T12:25:40","date_gmt":"2020-04-07T10:25:40","guid":{"rendered":"http:\/\/lab.jardindigital.com\/www.futterhandel-schickes.lu?page_id=831"},"modified":"2026-04-03T09:25:02","modified_gmt":"2026-04-03T07:25:02","slug":"home","status":"publish","type":"page","link":"https:\/\/futterhandel-schickes.lu\/cms\/","title":{"rendered":"Home"},"content":{"rendered":"<p>[vc_row full_width=&#8221;stretch_row_content_no_spaces&#8221;][vc_column]<header id=\"home\" class=\"nt-site-header\" ><nav class=\"navbar navbar-default navbar-sticky bootsnav on no-full\"><div class=\"container\"><div class=\"attr-nav button\"><ul><li><a href=\"#\">login<\/a><\/li><\/ul><\/div><div class=\"navbar-header\"><button type=\"button\" class=\"navbar-toggle\" data-toggle=\"collapse\" data-target=\"#navbar-menu\"><i class=\"fa fa-bars\"><\/i><\/button><a class=\"nt-logo img-logo navbar-brand\" href=\"https:\/\/futterhandel-schickes.lu\/cms\"><img decoding=\"async\" src=\"https:\/\/futterhandel-schickes.lu\/cms\/wp-content\/uploads\/2020\/04\/logo-schickes-web5.png\" class=\"logo logo-scrolled\" alt=\"logo-schickes-web5.png\"><\/a><\/div><div class=\"collapse navbar-collapse\" id=\"navbar-menu\"><ul class=\"nav navbar-nav navbar-right\" data-in=\"#\" data-out=\"#\"><li id=\"menu-item-947\" class=\"menu-item menu-item-type-post_type menu-item-object-page menu-item-home menu-item-947\"><a href=\"https:\/\/futterhandel-schickes.lu\/cms\/\" class=\"scroll\">Home<\/a><\/li>\n<li id=\"menu-item-948\" class=\"menu-item menu-item-type-custom menu-item-object-custom menu-item-home menu-item-948\"><a href=\"https:\/\/futterhandel-schickes.lu\/cms\/#ueber_uns\" class=\"scroll\">\u00dcber uns<\/a><\/li>\n<li id=\"menu-item-951\" class=\"menu-item menu-item-type-custom menu-item-object-custom menu-item-home menu-item-951\"><a href=\"https:\/\/futterhandel-schickes.lu\/cms\/#produkte\" class=\"scroll\">Produkte<\/a><\/li>\n<li id=\"menu-item-953\" class=\"menu-item menu-item-type-custom menu-item-object-custom menu-item-953\"><a href=\"https:\/\/futterhandel-schickes.lu\/shop\/\" class=\"scroll\">Shop<\/a><\/li>\n<li id=\"menu-item-954\" class=\"menu-item menu-item-type-custom menu-item-object-custom menu-item-home menu-item-954\"><a href=\"https:\/\/futterhandel-schickes.lu\/cms\/#kontakt\" class=\"scroll\">Kontakt<\/a><\/li>\n<li id=\"menu-item-wpml-ls-17-de\" class=\"menu-item wpml-ls-slot-17 wpml-ls-item wpml-ls-item-de wpml-ls-current-language wpml-ls-menu-item wpml-ls-first-item menu-item-type-wpml_ls_menu_item menu-item-object-wpml_ls_menu_item menu-item-has-children dropdown dropdown-right menu-item-wpml-ls-17-de\"><a title=\"Deutsch\" href=\"https:\/\/futterhandel-schickes.lu\/cms\" class=\"dropdown-toggle scroll\"  data-toggle=\"dropdown\"><span class=\"wpml-ls-native\" lang=\"de\">Deutsch<\/span><\/a>\n<ul class=\"dropdown-menu depth_0\" >\n\t<li id=\"menu-item-wpml-ls-17-fr\" class=\"menu-item wpml-ls-slot-17 wpml-ls-item wpml-ls-item-fr wpml-ls-menu-item wpml-ls-last-item menu-item-type-wpml_ls_menu_item menu-item-object-wpml_ls_menu_item menu-item-wpml-ls-17-fr\"><a title=\"Fran\u00e7ais\" href=\"https:\/\/futterhandel-schickes.lu\/cms\/fr\/\" class=\"scroll\"><span class=\"wpml-ls-native\" lang=\"fr\">Fran\u00e7ais<\/span><\/a><\/li>\n<\/ul>\n<\/li>\n<\/ul><\/div><\/div><\/nav><\/header>[\/vc_column][\/vc_row][vc_row full_width=&#8221;stretch_row_content_no_spaces&#8221;][vc_column]<div class=\"banner-area auto-height text-center text-light shadow dark-hard small-text bg-fixed banner_154118 vc_custom_1593784199761\"><div class=\"box-table\"><div class=\"box-cell\"><div class=\"container\"><div class=\"row\"><div class=\"double-items\"><div class=\"col-lg-8 col-md-8 col-lg-offset-2 col-md-offset-2\"><div class=\"content\" data-animation=\"animated fadeInUpBig\"><h1>HERZLICH WILLKOMMEN!<\/h1><p>Gerne informieren wir Sie hier rund ums unseren Futter- und Gefl\u00fcgelhandel.<br \/>\nUnser Sortiment finden Sie unserem Webshop.<\/p><a class=\"btn circle btn-light border btn-md\" href=\"https:\/\/futterhandel-schickes.lu\/shop\/\">Zum WEBSHOP<\/a><\/div><\/div><div class=\"col-lg-8 col-md-8 col-lg-offset-2 col-md-offset-2\"><div class=\"banner\"><\/div><\/div><\/div><\/div><\/div><\/div><\/div><\/div>[\/vc_column][\/vc_row][vc_row full_width=&#8221;stretch_row&#8221; content_placement=&#8221;middle&#8221; softing_row_prepad=&#8221;ptb-80&#8243; el_id=&#8221;produkte&#8221;][vc_column offset=&#8221;vc_col-lg-offset-2 vc_col-lg-8 vc_col-md-offset-2 vc_col-md-8&#8243;]<div class=\"site-heading text-center single sec_title_1541823334167\"><h2>PRODUKT\u00dcBERSICHT<\/h2><\/div>[\/vc_column][vc_column width=&#8221;1\/2&#8243; softing_col_eqheight=&#8221;equal-height&#8221; offset=&#8221;vc_col-lg-4 vc_col-md-4&#8243; css=&#8221;.vc_custom_1547265063247{margin-bottom: 50px !important;}&#8221;]<div class=\"features-area sm-center features_540 vc_custom_1587046091270\" data-res-css=\".container .features-area.features_540 h4, .container .about-area.features_540 .item h4 { color:#a01b20; font-size:16px; }.container .features-area.features_540 .icon i, .container .about-area.features_540 .item i  { color:#ffffff; font-size:18px; background-color:#a01b20; }\"><div class=\"item\"><div class=\"icon\"><i class=\"fas fa-certificate\"><\/i><\/div><div class=\"info\"><h4>Gro\u00dfvieh- &amp; Nutztierfutter<\/h4><\/div><\/div><\/div><div class=\"features-area sm-center features_949 vc_custom_1587046262572\" data-res-css=\".container .features-area.features_949 h4, .container .about-area.features_949 .item h4 { color:#a01b20; font-size:16px; }.container .features-area.features_949 .icon i, .container .about-area.features_949 .item i  { color:#ffffff; font-size:18px; background-color:#a01b20; }\"><div class=\"item\"><div class=\"icon\"><i class=\"fas fa-certificate\"><\/i><\/div><div class=\"info\"><h4>Einstreu<\/h4><\/div><\/div><\/div><div class=\"features-area sm-center features_169\" data-res-css=\".container .features-area.features_169 h4, .container .about-area.features_169 .item h4 { color:#a01b20; font-size:16px; }.container .features-area.features_169 .icon i, .container .about-area.features_169 .item i  { color:#ffffff; font-size:18px; background-color:#a01b20; }\"><div class=\"item\"><div class=\"icon\"><i class=\"fas fa-certificate\"><\/i><\/div><div class=\"info\"><h4>Vitamine &amp; Zusatzstoffe<\/h4><\/div><\/div><\/div>[\/vc_column][vc_column width=&#8221;1\/2&#8243; softing_col_eqheight=&#8221;equal-height&#8221; offset=&#8221;vc_col-lg-4 vc_col-md-4&#8243; css=&#8221;.vc_custom_1547265071121{margin-bottom: 50px !important;}&#8221;]<div class=\"features-area sm-center features_311 vc_custom_1587046083539\" data-res-css=\".container .features-area.features_311 h4, .container .about-area.features_311 .item h4 { color:#a01b20; font-size:16px; }.container .features-area.features_311 .icon i, .container .about-area.features_311 .item i  { color:#ffffff; font-size:18px; background-color:#a01b20; }\"><div class=\"item\"><div class=\"icon\"><i class=\"fas fa-certificate\"><\/i><\/div><div class=\"info\"><h4>Gefl\u00fcgelfutter<\/h4><\/div><\/div><\/div><div class=\"features-area sm-center features_825 vc_custom_1587046272313\" data-res-css=\".container .features-area.features_825 h4, .container .about-area.features_825 .item h4 { color:#a01b20; font-size:16px; }.container .features-area.features_825 .icon i, .container .about-area.features_825 .item i  { color:#ffffff; font-size:18px; background-color:#a01b20; }\"><div class=\"item\"><div class=\"icon\"><i class=\"fas fa-certificate\"><\/i><\/div><div class=\"info\"><h4>Zubeh\u00f6r f\u00fcr Gefl\u00fcgel<\/h4><\/div><\/div><\/div><div class=\"features-area sm-center features_271\" data-res-css=\".container .features-area.features_271 h4, .container .about-area.features_271 .item h4 { color:#a01b20; font-size:16px; }.container .features-area.features_271 .icon i, .container .about-area.features_271 .item i  { color:#ffffff; font-size:18px; background-color:#a01b20; }\"><div class=\"item\"><div class=\"icon\"><i class=\"fas fa-certificate\"><\/i><\/div><div class=\"info\"><h4>Milben &amp; Desinfektion<\/h4><\/div><\/div><\/div>[\/vc_column][vc_column width=&#8221;1\/2&#8243; softing_col_eqheight=&#8221;equal-height&#8221; offset=&#8221;vc_col-lg-4 vc_col-md-4&#8243; css=&#8221;.vc_custom_1547265078852{margin-bottom: 50px !important;}&#8221;]<div class=\"features-area sm-center features_367 vc_custom_1587046076864\" data-res-css=\".container .features-area.features_367 h4, .container .about-area.features_367 .item h4 { color:#a01b20; font-size:16px; }.container .features-area.features_367 .icon i, .container .about-area.features_367 .item i  { color:#ffffff; font-size:18px; background-color:#a01b20; }\"><div class=\"item\"><div class=\"icon\"><i class=\"fas fa-certificate\"><\/i><\/div><div class=\"info\"><h4>Kaninchen- &amp; Nagerfutter<\/h4><\/div><\/div><\/div><div class=\"features-area sm-center features_615 vc_custom_1587046283439\" data-res-css=\".container .features-area.features_615 h4, .container .about-area.features_615 .item h4 { color:#a01b20; font-size:16px; }.container .features-area.features_615 .icon i, .container .about-area.features_615 .item i  { color:#ffffff; font-size:18px; background-color:#a01b20; }\"><div class=\"item\"><div class=\"icon\"><i class=\"fas fa-certificate\"><\/i><\/div><div class=\"info\"><h4>Zubeh\u00f6r f\u00fcr Kaninchen &amp; Nager<\/h4><\/div><\/div><\/div><div class=\"features-area sm-center features_585\" data-res-css=\".container .features-area.features_585 h4, .container .about-area.features_585 .item h4 { color:#a01b20; font-size:16px; }.container .features-area.features_585 .icon i, .container .about-area.features_585 .item i  { color:#ffffff; font-size:18px; background-color:#a01b20; }\"><div class=\"item\"><div class=\"icon\"><i class=\"fas fa-certificate\"><\/i><\/div><div class=\"info\"><h4>Gefl\u00fcgel<\/h4><\/div><\/div><\/div>[\/vc_column][\/vc_row][vc_row full_width=&#8221;stretch_row&#8221; softing_row_prepad=&#8221;ptb-80&#8243; el_id=&#8221;ueber_uns&#8221; css=&#8221;.vc_custom_1586435993521{background-color: #f9f9f9 !important;}&#8221;][vc_column width=&#8221;2\/3&#8243;][vc_custom_heading text=&#8221;\u00dcBER UNS&#8221; font_container=&#8221;tag:h4|text_align:left|color:%23a01b20&#8243; use_theme_fonts=&#8221;yes&#8221; softing_ch_family=&#8221;poppins&#8221; softing_ch_fw=&#8221;fw-600&#8243; softing_ch_trans=&#8221;uppercase&#8221; softing_ch_premarb=&#8221;mb-10&#8243;][vc_custom_heading text=&#8221;Futter- &amp; Gefl\u00fcgelhandel seit 2016&#8243; font_container=&#8221;tag:h2|text_align:left|line_height:1.4&#8243; use_theme_fonts=&#8221;yes&#8221; softing_ch_family=&#8221;poppins&#8221; softing_ch_fw=&#8221;fw-600&#8243; softing_ch_premarb=&#8221;mb-20&#8243; res_sm_ch_fs=&#8221;26px&#8221;][vc_custom_heading text=&#8221;Unser Fachgebiet liegt beim Futter f\u00fcr Tiere im Haustierbereich wie auch im Nutztierbereich.<br \/>\nNeben Futter haben wir auch ein gro\u00dfes Angebot an Zubeh\u00f6r und Einstreu f\u00fcr Tiere.<br \/>\nDurch jahrelange Erfahrung im Bereich der Kleintierzucht und durch den elterlichen landwirtschaftlichen Betrieb bieten wir Ihnen eine gute Beratung an.<br \/>\nIm Jahre 2019 haben wir auch den Gefl\u00fcgelhandel Schickes gegr\u00fcndet wo wir ihnen Gefl\u00fcgel jeder Art anbieten.&#8221; font_container=&#8221;tag:p|text_align:left&#8221; use_theme_fonts=&#8221;yes&#8221; softing_ch_premarb=&#8221;mb-25&#8243;][vc_btn title=&#8221;Kontaktieren Sie uns&#8221; style=&#8221;effect&#8221; link=&#8221;url:https%3A%2F%2Ffutterhandel-schickes.lu%2Fcms%2F%23kontakt%23|||&#8221;][\/vc_column][vc_column width=&#8221;1\/3&#8243;][vc_row_inner][vc_column_inner css=&#8221;.vc_custom_1586436020259{padding-top: 30px !important;}&#8221;][vc_custom_heading text=&#8221;Unsere Vorteile&#8221; font_container=&#8221;tag:h3|text_align:left&#8221; use_theme_fonts=&#8221;yes&#8221; softing_ch_family=&#8221;poppins&#8221; softing_ch_fw=&#8221;fw-600&#8243; softing_ch_premarb=&#8221;mb-20&#8243; res_sm_ch_fs=&#8221;20px&#8221;]<div class=\"list-info list_494 vc_custom_1586259507666\" data-res-css=\".list-info.list_494 i, .features-items.list_494 .icon i, .address-items.list_494 i{ color:!important; font-size:!important; line-height:!important; width:!important; height:!important; background-color:!important; }\"><i class=\"fas fa-check\"><\/i><span>Top Qualit\u00e4t<\/span><\/div><div class=\"list-info list_753 vc_custom_1586259527889\" data-res-css=\".list-info.list_753 i, .features-items.list_753 .icon i, .address-items.list_753 i{ color:!important; font-size:!important; line-height:!important; width:!important; height:!important; background-color:!important; }\"><i class=\"fas fa-check\"><\/i><span>Fairer Preis<\/span><\/div><div class=\"list-info list_637 vc_custom_1586259540822\" data-res-css=\".list-info.list_637 i, .features-items.list_637 .icon i, .address-items.list_637 i{ color:!important; font-size:!important; line-height:!important; width:!important; height:!important; background-color:!important; }\"><i class=\"fas fa-check\"><\/i><span>Kompetente Beratung<\/span><\/div><div class=\"list-info list_413\" data-res-css=\".list-info.list_413 i, .features-items.list_413 .icon i, .address-items.list_413 i{ color:!important; font-size:!important; line-height:!important; width:!important; height:!important; background-color:!important; }\"><i class=\"fas fa-check\"><\/i><span>Schnelle Lieferung<\/span><\/div>[\/vc_column_inner][\/vc_row_inner][\/vc_column][\/vc_row][vc_row full_width=&#8221;stretch_row&#8221; softing_row_prepad=&#8221;ptb-80&#8243; disable_element=&#8221;yes&#8221; el_id=&#8221;kalender&#8221;][vc_column offset=&#8221;vc_col-lg-offset-2 vc_col-lg-8 vc_col-md-offset-2 vc_col-md-8&#8243;]<div class=\"site-heading text-center sec_title_154161439569\"><h2>KALENDER<\/h2><p>Ut wisi enim ad minim veniam, quis nostrud exerci tation ullamcorper.<\/p><\/div>[\/vc_column][vc_column][vc_column_text]Duis autem vel eum iriure dolor in hendrerit in vulputate velit esse molestie consequat, vel illum dolore eu feugiat nulla facilisis at vero eros et accumsan et iusto odio dignissim qui blandit praesent luptatum zzril delenit augue duis dolore te feugait nulla facilisi. Lorem ipsum dolor sit amet, consectetuer adipiscing elit, sed diam nonummy nibh euismod tincidunt ut laoreet dolore magna aliquam erat volutpat.[\/vc_column_text][\/vc_column][\/vc_row][vc_row full_width=&#8221;stretch_row&#8221; softing_row_prepad=&#8221;ptb-80&#8243; softing_row_overlay_type=&#8221;custom&#8221; softing_bg_attachment=&#8221;fixed&#8221; softing_lg_bgpos=&#8221;top center&#8221; css=&#8221;.vc_custom_1586433530732{padding-bottom: 54px !important;background-image: url(https:\/\/futterhandel-schickes.lu\/cms\/wp-content\/uploads\/2020\/04\/futterhandel-schickes-1600&#215;400-1.jpg?id=859) !important;background-position: center !important;background-repeat: no-repeat !important;background-size: cover !important;}&#8221; softing_row_overlayclr=&#8221;rgba(0,0,0,0.5)&#8221; softing_sm_css=&#8221;.vc_custom_1586433530756{padding-bottom: 24px !important;}&#8221;][vc_column offset=&#8221;vc_col-lg-offset-3 vc_col-lg-6 vc_col-md-offset-3 vc_col-md-6&#8243;][vc_custom_heading text=&#8221;Unsere Produkte&#8221; font_container=&#8221;tag:h3|text_align:center|color:%23ffffff&#8221; use_theme_fonts=&#8221;yes&#8221; softing_ch_fw=&#8221;fw-600&#8243; softing_ch_trans=&#8221;uppercase&#8221; softing_ch_premarb=&#8221;mb-15&#8243;][vc_custom_heading text=&#8221;Alle unsere Produkte finden Sie in unserem Webshop.&#8221; font_container=&#8221;tag:p|text_align:center|color:%23ffffff&#8221; use_theme_fonts=&#8221;yes&#8221; softing_ch_premarb=&#8221;mb-0&#8243;][vc_btn title=&#8221;ZUM SHOP&#8221; color=&#8221;danger&#8221; align=&#8221;center&#8221; link=&#8221;url:https%3A%2F%2Ffutterhandel-schickes.lu%2Fshop%2F|title:Webshop||&#8221; css=&#8221;.vc_custom_1593784216443{margin-top: 40px !important;}&#8221;][\/vc_column][\/vc_row][vc_row full_width=&#8221;stretch_row&#8221; softing_row_prepad=&#8221;ptb-80&#8243; el_id=&#8221;kontakt&#8221;][vc_column offset=&#8221;vc_col-lg-offset-2 vc_col-lg-8 vc_col-md-offset-2 vc_col-md-8&#8243;]<div class=\"site-heading text-center single sec_title_1541486878494\"><h2>Kontaktieren Sie uns<\/h2><\/div>[\/vc_column][vc_column offset=&#8221;vc_col-lg-6 vc_col-md-6&#8243;][vc_custom_heading text=&#8221;Kontaktdaten&#8221; font_container=&#8221;tag:h4|text_align:left&#8221; use_theme_fonts=&#8221;yes&#8221; softing_ch_fw=&#8221;fw-600&#8243; softing_ch_trans=&#8221;uppercase&#8221; softing_ch_premarb=&#8221;mb-15&#8243;]<div class=\"address-items list_669 vc_custom_1586432960298\" data-res-css=\".list-info.list_669 i, .features-items.list_669 .icon i, .address-items.list_669 i{ color:!important; font-size:!important; line-height:!important; width:!important; height:!important; background-color:!important; }\"><i class=\"fas fa-map-marked-alt\"><\/i> <span>Hauptstrooss 37<br \/>\nL - 9742 Boxhorn<\/span><\/div><div class=\"address-items list_37 vc_custom_1586432950159\" data-res-css=\".list-info.list_37 i, .features-items.list_37 .icon i, .address-items.list_37 i{ color:!important; font-size:!important; line-height:!important; width:!important; height:!important; background-color:!important; }\"><i class=\"fas fa-phone\"><\/i> <span>+352 621 379 197<\/span><\/div><div class=\"address-items list_530 vc_custom_1586432923922\" data-res-css=\".list-info.list_530 i, .features-items.list_530 .icon i, .address-items.list_530 i{ color:!important; font-size:!important; line-height:!important; width:!important; height:!important; background-color:!important; }\"><i class=\"fas fa-envelope-open\"><\/i> <span>info@futterhandel-schickes.lu<\/span><\/div><div class=\"social-icons social_166 vc_custom_1586433191768\"><ul><li class=\"facebook\"><a href=\"#\"><i class=\"fab fa-facebook-f\"><\/i><\/a><\/li><li class=\"twitter\"><a href=\"#\"><i class=\"fab fa-twitter\"><\/i><\/a><\/li><li class=\"pinterest\"><a href=\"#\"><i class=\"fab fa-pinterest\"><\/i><\/a><\/li><li class=\"instagram\"><a href=\"#\"><i class=\"fab fa-instagram\"><\/i><\/a><\/li><\/ul><\/div>[vc_gmaps link=&#8221;#E-8_JTNDaWZyYW1lJTIwc3JjJTNEJTIyaHR0cHMlM0ElMkYlMkZ3d3cuZ29vZ2xlLmNvbSUyRm1hcHMlMkZlbWJlZCUzRnBiJTNEJTIxMW0xOCUyMTFtMTIlMjExbTMlMjExZDI1NjAuMjU1NDgwNjQ0NzE5JTIxMmQ1Ljk4OTAzMzUxNTk0MzA5NCUyMTNkNTAuMDgxNTAzNDIxNzYwOTE0JTIxMm0zJTIxMWYwJTIxMmYwJTIxM2YwJTIxM20yJTIxMWkxMDI0JTIxMmk3NjglMjE0ZjEzLjElMjEzbTMlMjExbTIlMjExczB4MCUyNTNBMHgwJTIxMnpOVERDc0RBMEp6VXpMalFpVGlBMXdyQTFPU2N5T0M0MElrVSUyMTVlMCUyMTNtMiUyMTFzZGUlMjEyc2JlJTIxNHYxNTg2NDMyODcwMDAzJTIxNW0yJTIxMXNkZSUyMTJzYmUlMjIlMjB3aWR0aCUzRCUyMjYwMCUyMiUyMGhlaWdodCUzRCUyMjMwMCUyMiUyMGZyYW1lYm9yZGVyJTNEJTIyMCUyMiUyMHN0eWxlJTNEJTIyYm9yZGVyJTNBMCUzQiUyMiUyMGFsbG93ZnVsbHNjcmVlbiUzRCUyMiUyMiUyMGFyaWEtaGlkZGVuJTNEJTIyZmFsc2UlMjIlMjB0YWJpbmRleCUzRCUyMjAlMjIlM0UlM0MlMkZpZnJhbWUlM0U=&#8221;][\/vc_column][vc_column offset=&#8221;vc_col-lg-6 vc_col-md-6&#8243;][vc_column_text]\n<div class=\"wpcf7 no-js\" id=\"wpcf7-f14-o1\" lang=\"de-DE\" dir=\"ltr\" data-wpcf7-id=\"14\">\n<div class=\"screen-reader-response\"><p role=\"status\" aria-live=\"polite\" aria-atomic=\"true\"><\/p> <ul><\/ul><\/div>\n<form action=\"\/cms\/wp-json\/wp\/v2\/pages\/831#wpcf7-f14-o1\" method=\"post\" class=\"wpcf7-form init\" aria-label=\"Kontaktformular\" novalidate=\"novalidate\" data-status=\"init\">\n<fieldset class=\"hidden-fields-container\"><input type=\"hidden\" name=\"_wpcf7\" value=\"14\" \/><input type=\"hidden\" name=\"_wpcf7_version\" value=\"6.1.5\" \/><input type=\"hidden\" name=\"_wpcf7_locale\" value=\"de_DE\" \/><input type=\"hidden\" name=\"_wpcf7_unit_tag\" value=\"wpcf7-f14-o1\" \/><input type=\"hidden\" name=\"_wpcf7_container_post\" value=\"0\" \/><input type=\"hidden\" name=\"_wpcf7_posted_data_hash\" value=\"\" \/>\n<\/fieldset>\n<p>Name*\n<\/p>\n<p><label><span class=\"wpcf7-form-control-wrap\" data-name=\"fname\"><input size=\"40\" maxlength=\"400\" class=\"wpcf7-form-control wpcf7-text wpcf7-validates-as-required\" aria-required=\"true\" aria-invalid=\"false\" value=\"\" type=\"text\" name=\"fname\" \/><\/span><\/label>\n<\/p>\n<p>Email*\n<\/p>\n<p><label><span class=\"wpcf7-form-control-wrap\" data-name=\"email\"><input size=\"40\" maxlength=\"400\" class=\"wpcf7-form-control wpcf7-email wpcf7-validates-as-required wpcf7-text wpcf7-validates-as-email\" aria-required=\"true\" aria-invalid=\"false\" value=\"\" type=\"email\" name=\"email\" \/><\/span><\/label>\n<\/p>\n<p>Telefon*\n<\/p>\n<p><label><span class=\"wpcf7-form-control-wrap\" data-name=\"phone\"><input size=\"40\" maxlength=\"400\" class=\"wpcf7-form-control wpcf7-text wpcf7-validates-as-required\" aria-required=\"true\" aria-invalid=\"false\" value=\"\" type=\"text\" name=\"phone\" \/><\/span><\/label>\n<\/p>\n<p>Ihre Anfrage*\n<\/p>\n<p><label><span class=\"wpcf7-form-control-wrap\" data-name=\"message\"><textarea cols=\"40\" rows=\"10\" maxlength=\"2000\" class=\"wpcf7-form-control wpcf7-textarea wpcf7-validates-as-required\" aria-required=\"true\" aria-invalid=\"false\" name=\"message\"><\/textarea><\/span><\/label><br \/>\n<div class=\"wpcf7-turnstile cf-turnstile\" data-sitekey=\"0x4AAAAAACz8-eXY4lWKHlNT\" data-response-field-name=\"_wpcf7_turnstile_response\"><\/div><br \/>\n<input class=\"wpcf7-form-control wpcf7-submit has-spinner\" type=\"submit\" value=\"Senden\" \/>\n<\/p><div class=\"wpcf7-response-output\" aria-hidden=\"true\"><\/div>\n<\/form>\n<\/div>\n[\/vc_column_text][\/vc_column][\/vc_row]<\/p>\n","protected":false},"excerpt":{"rendered":"<p>[vc_row full_width=&#8221;stretch_row_content_no_spaces&#8221;][vc_column][\/vc_column][\/vc_row][vc_row full_width=&#8221;stretch_row_content_no_spaces&#8221;][vc_column][\/vc_column][\/vc_row][vc_row full_width=&#8221;stretch_row&#8221; content_placement=&#8221;middle&#8221; softing_row_prepad=&#8221;ptb-80&#8243; el_id=&#8221;produkte&#8221;][vc_column offset=&#8221;vc_col-lg-offset-2 vc_col-lg-8 vc_col-md-offset-2 vc_col-md-8&#8243;][\/vc_column][vc_column width=&#8221;1\/2&#8243; softing_col_eqheight=&#8221;equal-height&#8221; offset=&#8221;vc_col-lg-4 vc_col-md-4&#8243; css=&#8221;.vc_custom_1547265063247{margin-bottom: 50px !important;}&#8221;][\/vc_column][vc_column width=&#8221;1\/2&#8243; softing_col_eqheight=&#8221;equal-height&#8221; offset=&#8221;vc_col-lg-4 vc_col-md-4&#8243; css=&#8221;.vc_custom_1547265071121{margin-bottom: 50px !important;}&#8221;][\/vc_column][vc_column width=&#8221;1\/2&#8243; softing_col_eqheight=&#8221;equal-height&#8221; offset=&#8221;vc_col-lg-4 vc_col-md-4&#8243; css=&#8221;.vc_custom_1547265078852{margin-bottom: 50px !important;}&#8221;][\/vc_column][\/vc_row][vc_row full_width=&#8221;stretch_row&#8221; softing_row_prepad=&#8221;ptb-80&#8243; el_id=&#8221;ueber_uns&#8221; css=&#8221;.vc_custom_1586435993521{background-color: #f9f9f9 !important;}&#8221;][vc_column width=&#8221;2\/3&#8243;][vc_custom_heading text=&#8221;\u00dcBER UNS&#8221; font_container=&#8221;tag:h4|text_align:left|color:%23a01b20&#8243; use_theme_fonts=&#8221;yes&#8221; softing_ch_family=&#8221;poppins&#8221; softing_ch_fw=&#8221;fw-600&#8243; softing_ch_trans=&#8221;uppercase&#8221; softing_ch_premarb=&#8221;mb-10&#8243;][vc_custom_heading text=&#8221;Futter- &amp; Gefl\u00fcgelhandel seit 2016&#8243; font_container=&#8221;tag:h2|text_align:left|line_height:1.4&#8243; use_theme_fonts=&#8221;yes&#8221; softing_ch_family=&#8221;poppins&#8221;&#8230;<\/p>\n","protected":false},"author":1,"featured_media":0,"parent":0,"menu_order":0,"comment_status":"closed","ping_status":"closed","template":"custom-page.php","meta":{"footnotes":""},"class_list":["post-831","page","type-page","status-publish","hentry"," c-blog-1-item  nt-post-class"],"_links":{"self":[{"href":"https:\/\/futterhandel-schickes.lu\/cms\/wp-json\/wp\/v2\/pages\/831","targetHints":{"allow":["GET"]}}],"collection":[{"href":"https:\/\/futterhandel-schickes.lu\/cms\/wp-json\/wp\/v2\/pages"}],"about":[{"href":"https:\/\/futterhandel-schickes.lu\/cms\/wp-json\/wp\/v2\/types\/page"}],"author":[{"embeddable":true,"href":"https:\/\/futterhandel-schickes.lu\/cms\/wp-json\/wp\/v2\/users\/1"}],"replies":[{"embeddable":true,"href":"https:\/\/futterhandel-schickes.lu\/cms\/wp-json\/wp\/v2\/comments?post=831"}],"version-history":[{"count":85,"href":"https:\/\/futterhandel-schickes.lu\/cms\/wp-json\/wp\/v2\/pages\/831\/revisions"}],"predecessor-version":[{"id":13364,"href":"https:\/\/futterhandel-schickes.lu\/cms\/wp-json\/wp\/v2\/pages\/831\/revisions\/13364"}],"wp:attachment":[{"href":"https:\/\/futterhandel-schickes.lu\/cms\/wp-json\/wp\/v2\/media?parent=831"}],"curies":[{"name":"wp","href":"https:\/\/api.w.org\/{rel}","templated":true}]}}